{"id":701,"date":"2025-05-23T08:05:01","date_gmt":"2025-05-23T06:05:01","guid":{"rendered":"https:\/\/manaconnect.net\/?page_id=701"},"modified":"2025-05-23T20:54:25","modified_gmt":"2025-05-23T18:54:25","slug":"transport","status":"publish","type":"page","link":"https:\/\/manaconnect.net\/index.php\/transport\/","title":{"rendered":"Transport"},"content":{"rendered":"\n<p>Ma\u00eetrisez votre cha\u00eene du froid : <strong>Tra\u00e7abilit\u00e9 et Temp\u00e9rature<\/strong> \u00e0 prix malin !<\/p>\n\n\n\n<hr class=\"wp-block-separator has-alpha-channel-opacity\"\/>\n\n\n\n<h3 class=\"wp-block-heading\">Une alternative performante pour la tra\u00e7abilit\u00e9 de vos actifs en Polyn\u00e9sie<\/h3>\n\n\n\n<p>Marre des solutions on\u00e9reuses ? Nous vous proposons une offre de <strong>mesure et tra\u00e7abilit\u00e9 de vos actifs<\/strong> simple, efficace et surtout, <strong>abordable<\/strong>. Sp\u00e9cialement con\u00e7ue pour la <strong>cha\u00eene du froid<\/strong>, notre solution vous garantit un suivi irr\u00e9prochable de vos produits, du d\u00e9part \u00e0 l&#8217;arriv\u00e9e.<\/p>\n\n\n\n<hr class=\"wp-block-separator has-alpha-channel-opacity\"\/>\n\n\n\n<h3 class=\"wp-block-heading\">G\u00e9olocalisation et temp\u00e9rature : La garantie d&#8217;une qualit\u00e9 ma\u00eetris\u00e9e<\/h3>\n\n\n\n<p>Nos capteurs int\u00e9gr\u00e9s vous offrent :<\/p>\n\n\n\n<ul class=\"wp-block-list\">\n<li><strong>Une localisation pr\u00e9cise de vos assets<\/strong> : Sachez o\u00f9 se trouvent vos produits \u00e0 chaque instant, qu&#8217;ils soient en transit ou stock\u00e9s.<\/li>\n\n\n\n<li><strong>Un suivi de temp\u00e9rature en temps r\u00e9el<\/strong> : Assurez le respect des normes de conservation et la qualit\u00e9 de vos marchandises sensibles. Fini les pertes dues aux ruptures de cha\u00eene du froid !<\/li>\n<\/ul>\n\n\n\n<hr class=\"wp-block-separator has-alpha-channel-opacity\"\/>\n\n\n\n<h3 class=\"wp-block-heading\">Simple, fiable et \u00e9conomique<\/h3>\n\n\n\n<p>Oubliez les installations complexes et les co\u00fbts cach\u00e9s. Notre solution est pens\u00e9e pour \u00eatre <strong>facile \u00e0 d\u00e9ployer<\/strong> et <strong>\u00e9conomique \u00e0 l&#8217;usage<\/strong>, vous permettant de :<\/p>\n\n\n\n<ul class=\"wp-block-list\">\n<li><strong>Optimiser vos op\u00e9rations logistiques<\/strong>.<\/li>\n\n\n\n<li><strong>R\u00e9duire le gaspillage et les litiges<\/strong>.<\/li>\n\n\n\n<li><strong>Prot\u00e9ger la r\u00e9putation de vos produits<\/strong>.<\/li>\n<\/ul>\n\n\n\n<p>Pr\u00eat \u00e0 passer \u00e0 une gestion plus intelligente et plus rentable de votre cha\u00eene du froid ?<\/p>\n","protected":false},"excerpt":{"rendered":"<p>Ma\u00eetrisez votre cha\u00eene du froid : Tra\u00e7abilit\u00e9 et Temp\u00e9rature \u00e0 prix malin ! Une alternative performante pour la tra\u00e7abilit\u00e9 de vos actifs en Polyn\u00e9sie Marre des solutions on\u00e9reuses ? Nous vous proposons une offre de mesure et tra\u00e7abilit\u00e9 de vos<\/p>\n","protected":false},"author":1,"featured_media":719,"parent":0,"menu_order":0,"comment_status":"closed","ping_status":"closed","template":"","meta":{"_kadence_starter_templates_imported_post":false,"footnotes":""},"class_list":["post-701","page","type-page","status-publish","has-post-thumbnail","hentry"],"yoast_head":"<!-- This site is optimized with the Yoast SEO plugin v25.9 - https:\/\/yoast.com\/wordpress\/plugins\/seo\/ -->\n<title>Transport - MANACONNECT<\/title>\n<meta name=\"robots\" content=\"index, follow, max-snippet:-1, max-image-preview:large, max-video-preview:-1\" \/>\n<link rel=\"canonical\" href=\"https:\/\/manaconnect.net\/index.php\/transport\/\" \/>\n<meta property=\"og:locale\" content=\"en_US\" \/>\n<meta property=\"og:type\" content=\"article\" \/>\n<meta property=\"og:title\" content=\"Transport - MANACONNECT\" \/>\n<meta property=\"og:description\" content=\"Ma\u00eetrisez votre cha\u00eene du froid : Tra\u00e7abilit\u00e9 et Temp\u00e9rature \u00e0 prix malin ! Une alternative performante pour la tra\u00e7abilit\u00e9 de vos actifs en Polyn\u00e9sie Marre des solutions on\u00e9reuses ? Nous vous proposons une offre de mesure et tra\u00e7abilit\u00e9 de vos\" \/>\n<meta property=\"og:url\" content=\"https:\/\/manaconnect.net\/index.php\/transport\/\" \/>\n<meta property=\"og:site_name\" content=\"MANACONNECT\" \/>\n<meta property=\"article:modified_time\" content=\"2025-05-23T18:54:25+00:00\" \/>\n<meta property=\"og:image\" content=\"http:\/\/manaconnect.net\/wp-content\/uploads\/2025\/05\/Capture-decran-2025-05-22-a-19.52.56.png\" \/>\n\t<meta property=\"og:image:width\" content=\"1073\" \/>\n\t<meta property=\"og:image:height\" content=\"400\" \/>\n\t<meta property=\"og:image:type\" content=\"image\/png\" \/>\n<meta name=\"twitter:card\" content=\"summary_large_image\" \/>\n<meta name=\"twitter:label1\" content=\"Est. reading time\" \/>\n\t<meta name=\"twitter:data1\" content=\"2 minutes\" \/>\n<script type=\"application\/ld+json\" class=\"yoast-schema-graph\">{\"@context\":\"https:\/\/schema.org\",\"@graph\":[{\"@type\":\"WebPage\",\"@id\":\"https:\/\/manaconnect.net\/index.php\/transport\/\",\"url\":\"https:\/\/manaconnect.net\/index.php\/transport\/\",\"name\":\"Transport - MANACONNECT\",\"isPartOf\":{\"@id\":\"https:\/\/manaconnect.net\/#website\"},\"primaryImageOfPage\":{\"@id\":\"https:\/\/manaconnect.net\/index.php\/transport\/#primaryimage\"},\"image\":{\"@id\":\"https:\/\/manaconnect.net\/index.php\/transport\/#primaryimage\"},\"thumbnailUrl\":\"https:\/\/manaconnect.net\/wp-content\/uploads\/2025\/05\/Capture-decran-2025-05-22-a-19.52.56.png\",\"datePublished\":\"2025-05-23T06:05:01+00:00\",\"dateModified\":\"2025-05-23T18:54:25+00:00\",\"breadcrumb\":{\"@id\":\"https:\/\/manaconnect.net\/index.php\/transport\/#breadcrumb\"},\"inLanguage\":\"en-US\",\"potentialAction\":[{\"@type\":\"ReadAction\",\"target\":[\"https:\/\/manaconnect.net\/index.php\/transport\/\"]}]},{\"@type\":\"ImageObject\",\"inLanguage\":\"en-US\",\"@id\":\"https:\/\/manaconnect.net\/index.php\/transport\/#primaryimage\",\"url\":\"https:\/\/manaconnect.net\/wp-content\/uploads\/2025\/05\/Capture-decran-2025-05-22-a-19.52.56.png\",\"contentUrl\":\"https:\/\/manaconnect.net\/wp-content\/uploads\/2025\/05\/Capture-decran-2025-05-22-a-19.52.56.png\",\"width\":1073,\"height\":400},{\"@type\":\"BreadcrumbList\",\"@id\":\"https:\/\/manaconnect.net\/index.php\/transport\/#breadcrumb\",\"itemListElement\":[{\"@type\":\"ListItem\",\"position\":1,\"name\":\"Accueil\",\"item\":\"https:\/\/manaconnect.net\/\"},{\"@type\":\"ListItem\",\"position\":2,\"name\":\"Transport\"}]},{\"@type\":\"WebSite\",\"@id\":\"https:\/\/manaconnect.net\/#website\",\"url\":\"https:\/\/manaconnect.net\/\",\"name\":\"MANACONNECT\",\"description\":\"Collecter et analyser la donn\u00e9e utile\",\"publisher\":{\"@id\":\"https:\/\/manaconnect.net\/#organization\"},\"potentialAction\":[{\"@type\":\"SearchAction\",\"target\":{\"@type\":\"EntryPoint\",\"urlTemplate\":\"https:\/\/manaconnect.net\/?s={search_term_string}\"},\"query-input\":{\"@type\":\"PropertyValueSpecification\",\"valueRequired\":true,\"valueName\":\"search_term_string\"}}],\"inLanguage\":\"en-US\"},{\"@type\":\"Organization\",\"@id\":\"https:\/\/manaconnect.net\/#organization\",\"name\":\"MANACONNECT\",\"url\":\"https:\/\/manaconnect.net\/\",\"logo\":{\"@type\":\"ImageObject\",\"inLanguage\":\"en-US\",\"@id\":\"https:\/\/manaconnect.net\/#\/schema\/logo\/image\/\",\"url\":\"https:\/\/manaconnect.net\/wp-content\/uploads\/2025\/05\/cropped-Gemini_Generated_Image_cab9b3cab9b3cab9.jpeg\",\"contentUrl\":\"https:\/\/manaconnect.net\/wp-content\/uploads\/2025\/05\/cropped-Gemini_Generated_Image_cab9b3cab9b3cab9.jpeg\",\"width\":1768,\"height\":1253,\"caption\":\"MANACONNECT\"},\"image\":{\"@id\":\"https:\/\/manaconnect.net\/#\/schema\/logo\/image\/\"}}]}<\/script>\n<!-- \/ Yoast SEO plugin. -->","yoast_head_json":{"title":"Transport - MANACONNECT","robots":{"index":"index","follow":"follow","max-snippet":"max-snippet:-1","max-image-preview":"max-image-preview:large","max-video-preview":"max-video-preview:-1"},"canonical":"https:\/\/manaconnect.net\/index.php\/transport\/","og_locale":"en_US","og_type":"article","og_title":"Transport - MANACONNECT","og_description":"Ma\u00eetrisez votre cha\u00eene du froid : Tra\u00e7abilit\u00e9 et Temp\u00e9rature \u00e0 prix malin ! Une alternative performante pour la tra\u00e7abilit\u00e9 de vos actifs en Polyn\u00e9sie Marre des solutions on\u00e9reuses ? Nous vous proposons une offre de mesure et tra\u00e7abilit\u00e9 de vos","og_url":"https:\/\/manaconnect.net\/index.php\/transport\/","og_site_name":"MANACONNECT","article_modified_time":"2025-05-23T18:54:25+00:00","og_image":[{"width":1073,"height":400,"url":"http:\/\/manaconnect.net\/wp-content\/uploads\/2025\/05\/Capture-decran-2025-05-22-a-19.52.56.png","type":"image\/png"}],"twitter_card":"summary_large_image","twitter_misc":{"Est. reading time":"2 minutes"},"schema":{"@context":"https:\/\/schema.org","@graph":[{"@type":"WebPage","@id":"https:\/\/manaconnect.net\/index.php\/transport\/","url":"https:\/\/manaconnect.net\/index.php\/transport\/","name":"Transport - MANACONNECT","isPartOf":{"@id":"https:\/\/manaconnect.net\/#website"},"primaryImageOfPage":{"@id":"https:\/\/manaconnect.net\/index.php\/transport\/#primaryimage"},"image":{"@id":"https:\/\/manaconnect.net\/index.php\/transport\/#primaryimage"},"thumbnailUrl":"https:\/\/manaconnect.net\/wp-content\/uploads\/2025\/05\/Capture-decran-2025-05-22-a-19.52.56.png","datePublished":"2025-05-23T06:05:01+00:00","dateModified":"2025-05-23T18:54:25+00:00","breadcrumb":{"@id":"https:\/\/manaconnect.net\/index.php\/transport\/#breadcrumb"},"inLanguage":"en-US","potentialAction":[{"@type":"ReadAction","target":["https:\/\/manaconnect.net\/index.php\/transport\/"]}]},{"@type":"ImageObject","inLanguage":"en-US","@id":"https:\/\/manaconnect.net\/index.php\/transport\/#primaryimage","url":"https:\/\/manaconnect.net\/wp-content\/uploads\/2025\/05\/Capture-decran-2025-05-22-a-19.52.56.png","contentUrl":"https:\/\/manaconnect.net\/wp-content\/uploads\/2025\/05\/Capture-decran-2025-05-22-a-19.52.56.png","width":1073,"height":400},{"@type":"BreadcrumbList","@id":"https:\/\/manaconnect.net\/index.php\/transport\/#breadcrumb","itemListElement":[{"@type":"ListItem","position":1,"name":"Accueil","item":"https:\/\/manaconnect.net\/"},{"@type":"ListItem","position":2,"name":"Transport"}]},{"@type":"WebSite","@id":"https:\/\/manaconnect.net\/#website","url":"https:\/\/manaconnect.net\/","name":"MANACONNECT","description":"Collecter et analyser la donn\u00e9e utile","publisher":{"@id":"https:\/\/manaconnect.net\/#organization"},"potentialAction":[{"@type":"SearchAction","target":{"@type":"EntryPoint","urlTemplate":"https:\/\/manaconnect.net\/?s={search_term_string}"},"query-input":{"@type":"PropertyValueSpecification","valueRequired":true,"valueName":"search_term_string"}}],"inLanguage":"en-US"},{"@type":"Organization","@id":"https:\/\/manaconnect.net\/#organization","name":"MANACONNECT","url":"https:\/\/manaconnect.net\/","logo":{"@type":"ImageObject","inLanguage":"en-US","@id":"https:\/\/manaconnect.net\/#\/schema\/logo\/image\/","url":"https:\/\/manaconnect.net\/wp-content\/uploads\/2025\/05\/cropped-Gemini_Generated_Image_cab9b3cab9b3cab9.jpeg","contentUrl":"https:\/\/manaconnect.net\/wp-content\/uploads\/2025\/05\/cropped-Gemini_Generated_Image_cab9b3cab9b3cab9.jpeg","width":1768,"height":1253,"caption":"MANACONNECT"},"image":{"@id":"https:\/\/manaconnect.net\/#\/schema\/logo\/image\/"}}]}},"_links":{"self":[{"href":"https:\/\/manaconnect.net\/index.php\/wp-json\/wp\/v2\/pages\/701","targetHints":{"allow":["GET"]}}],"collection":[{"href":"https:\/\/manaconnect.net\/index.php\/wp-json\/wp\/v2\/pages"}],"about":[{"href":"https:\/\/manaconnect.net\/index.php\/wp-json\/wp\/v2\/types\/page"}],"author":[{"embeddable":true,"href":"https:\/\/manaconnect.net\/index.php\/wp-json\/wp\/v2\/users\/1"}],"replies":[{"embeddable":true,"href":"https:\/\/manaconnect.net\/index.php\/wp-json\/wp\/v2\/comments?post=701"}],"version-history":[{"count":2,"href":"https:\/\/manaconnect.net\/index.php\/wp-json\/wp\/v2\/pages\/701\/revisions"}],"predecessor-version":[{"id":708,"href":"https:\/\/manaconnect.net\/index.php\/wp-json\/wp\/v2\/pages\/701\/revisions\/708"}],"wp:featuredmedia":[{"embeddable":true,"href":"https:\/\/manaconnect.net\/index.php\/wp-json\/wp\/v2\/media\/719"}],"wp:attachment":[{"href":"https:\/\/manaconnect.net\/index.php\/wp-json\/wp\/v2\/media?parent=701"}],"curies":[{"name":"wp","href":"https:\/\/api.w.org\/{rel}","templated":true}]}}