{"id":699,"date":"2025-05-23T08:00:40","date_gmt":"2025-05-23T06:00:40","guid":{"rendered":"https:\/\/manaconnect.net\/?page_id=699"},"modified":"2025-05-23T08:28:28","modified_gmt":"2025-05-23T06:28:28","slug":"kpi-pour-votre-rse","status":"publish","type":"page","link":"https:\/\/manaconnect.net\/index.php\/kpi-pour-votre-rse\/","title":{"rendered":"KPI pour votre RSE"},"content":{"rendered":"\n<p>Pr\u00eat \u00e0 transformer votre impact environnemental en atout strat\u00e9gique ?<\/p>\n\n\n\n<p><\/p>\n\n\n\n<p><\/p>\n\n\n\n<h3 class=\"wp-block-heading\">Un pilotage pr\u00e9cis pour votre d\u00e9marche RSE<\/h3>\n\n\n\n<p>Vous souhaitez initier ou renforcer votre <strong>d\u00e9marche RSE<\/strong> (Responsabilit\u00e9 Soci\u00e9tale des Entreprises) ? La <strong>qualit\u00e9 de l&#8217;air int\u00e9rieur<\/strong> est un pilier essentiel de votre engagement !<\/p>\n\n\n\n<hr class=\"wp-block-separator has-alpha-channel-opacity\"\/>\n\n\n\n<h3 class=\"wp-block-heading\">Nos solutions pour des environnements sains et performants<\/h3>\n\n\n\n<p>Nous vous proposons une offre compl\u00e8te de mesure pour d\u00e9terminer vos <strong>indicateurs cl\u00e9s de performance (KPI)<\/strong> en mati\u00e8re de qualit\u00e9 de l&#8217;air :<\/p>\n\n\n\n<ul class=\"wp-block-list\">\n<li><strong>Temp\u00e9rature et Humidit\u00e9<\/strong> : Pour un confort optimal et la pr\u00e9servation des biens.<\/li>\n\n\n\n<li><strong>CO2 et COV (Compos\u00e9s Organiques Volatils)<\/strong> : Indispensables pour \u00e9valuer la ventilation et la pr\u00e9sence de polluants.<\/li>\n\n\n\n<li><strong>Particules fines<\/strong> : Un enjeu majeur pour la sant\u00e9 de vos occupants.<\/li>\n<\/ul>\n\n\n\n<hr class=\"wp-block-separator has-alpha-channel-opacity\"\/>\n\n\n\n<h3 class=\"wp-block-heading\">Suivi et am\u00e9lioration continue<\/h3>\n\n\n\n<p>Nos capteurs, coupl\u00e9s \u00e0 une <strong>station m\u00e9t\u00e9o externe<\/strong>, vous offrent une vision holistique et comparative de votre environnement. Vous pourrez ainsi :<\/p>\n\n\n\n<ul class=\"wp-block-list\">\n<li><strong>Identifier les points \u00e0 am\u00e9liorer<\/strong> avec des donn\u00e9es fiables et pr\u00e9cises.<\/li>\n\n\n\n<li><strong>Suivre l&#8217;efficacit\u00e9 de vos actions<\/strong> et valoriser vos progr\u00e8s en toute transparence.<\/li>\n\n\n\n<li><strong>D\u00e9montrer votre engagement<\/strong> pour le bien-\u00eatre de vos collaborateurs et de l&#8217;environnement.<\/li>\n<\/ul>\n\n\n\n<hr class=\"wp-block-separator has-alpha-channel-opacity\"\/>\n\n\n\n<p>Pr\u00eat \u00e0 transformer votre impact environnemental en atout strat\u00e9gique ?<\/p>\n","protected":false},"excerpt":{"rendered":"<p>Pr\u00eat \u00e0 transformer votre impact environnemental en atout strat\u00e9gique ? Un pilotage pr\u00e9cis pour votre d\u00e9marche RSE Vous souhaitez initier ou renforcer votre d\u00e9marche RSE (Responsabilit\u00e9 Soci\u00e9tale des Entreprises) ? La qualit\u00e9 de l&#8217;air int\u00e9rieur est un pilier essentiel de<\/p>\n","protected":false},"author":1,"featured_media":692,"parent":0,"menu_order":0,"comment_status":"closed","ping_status":"closed","template":"","meta":{"_kadence_starter_templates_imported_post":false,"footnotes":""},"class_list":["post-699","page","type-page","status-publish","has-post-thumbnail","hentry"],"yoast_head":"<!-- This site is optimized with the Yoast SEO plugin v25.9 - https:\/\/yoast.com\/wordpress\/plugins\/seo\/ -->\n<title>KPI pour votre RSE - MANACONNECT<\/title>\n<meta name=\"robots\" content=\"index, follow, max-snippet:-1, max-image-preview:large, max-video-preview:-1\" \/>\n<link rel=\"canonical\" href=\"https:\/\/manaconnect.net\/index.php\/kpi-pour-votre-rse\/\" \/>\n<meta property=\"og:locale\" content=\"en_US\" \/>\n<meta property=\"og:type\" content=\"article\" \/>\n<meta property=\"og:title\" content=\"KPI pour votre RSE - MANACONNECT\" \/>\n<meta property=\"og:description\" content=\"Pr\u00eat \u00e0 transformer votre impact environnemental en atout strat\u00e9gique ? Un pilotage pr\u00e9cis pour votre d\u00e9marche RSE Vous souhaitez initier ou renforcer votre d\u00e9marche RSE (Responsabilit\u00e9 Soci\u00e9tale des Entreprises) ? La qualit\u00e9 de l&#8217;air int\u00e9rieur est un pilier essentiel de\" \/>\n<meta property=\"og:url\" content=\"https:\/\/manaconnect.net\/index.php\/kpi-pour-votre-rse\/\" \/>\n<meta property=\"og:site_name\" content=\"MANACONNECT\" \/>\n<meta property=\"article:modified_time\" content=\"2025-05-23T06:28:28+00:00\" \/>\n<meta property=\"og:image\" content=\"http:\/\/manaconnect.net\/wp-content\/uploads\/2025\/05\/Capture-decran-2025-05-11-a-18.40.13.png\" \/>\n\t<meta property=\"og:image:width\" content=\"1080\" \/>\n\t<meta property=\"og:image:height\" content=\"400\" \/>\n\t<meta property=\"og:image:type\" content=\"image\/png\" \/>\n<meta name=\"twitter:card\" content=\"summary_large_image\" \/>\n<meta name=\"twitter:label1\" content=\"Est. reading time\" \/>\n\t<meta name=\"twitter:data1\" content=\"2 minutes\" \/>\n<script type=\"application\/ld+json\" class=\"yoast-schema-graph\">{\"@context\":\"https:\/\/schema.org\",\"@graph\":[{\"@type\":\"WebPage\",\"@id\":\"https:\/\/manaconnect.net\/index.php\/kpi-pour-votre-rse\/\",\"url\":\"https:\/\/manaconnect.net\/index.php\/kpi-pour-votre-rse\/\",\"name\":\"KPI pour votre RSE - MANACONNECT\",\"isPartOf\":{\"@id\":\"https:\/\/manaconnect.net\/#website\"},\"primaryImageOfPage\":{\"@id\":\"https:\/\/manaconnect.net\/index.php\/kpi-pour-votre-rse\/#primaryimage\"},\"image\":{\"@id\":\"https:\/\/manaconnect.net\/index.php\/kpi-pour-votre-rse\/#primaryimage\"},\"thumbnailUrl\":\"https:\/\/manaconnect.net\/wp-content\/uploads\/2025\/05\/Capture-decran-2025-05-11-a-18.40.13.png\",\"datePublished\":\"2025-05-23T06:00:40+00:00\",\"dateModified\":\"2025-05-23T06:28:28+00:00\",\"breadcrumb\":{\"@id\":\"https:\/\/manaconnect.net\/index.php\/kpi-pour-votre-rse\/#breadcrumb\"},\"inLanguage\":\"en-US\",\"potentialAction\":[{\"@type\":\"ReadAction\",\"target\":[\"https:\/\/manaconnect.net\/index.php\/kpi-pour-votre-rse\/\"]}]},{\"@type\":\"ImageObject\",\"inLanguage\":\"en-US\",\"@id\":\"https:\/\/manaconnect.net\/index.php\/kpi-pour-votre-rse\/#primaryimage\",\"url\":\"https:\/\/manaconnect.net\/wp-content\/uploads\/2025\/05\/Capture-decran-2025-05-11-a-18.40.13.png\",\"contentUrl\":\"https:\/\/manaconnect.net\/wp-content\/uploads\/2025\/05\/Capture-decran-2025-05-11-a-18.40.13.png\",\"width\":1080,\"height\":400,\"caption\":\"RSE\"},{\"@type\":\"BreadcrumbList\",\"@id\":\"https:\/\/manaconnect.net\/index.php\/kpi-pour-votre-rse\/#breadcrumb\",\"itemListElement\":[{\"@type\":\"ListItem\",\"position\":1,\"name\":\"Accueil\",\"item\":\"https:\/\/manaconnect.net\/\"},{\"@type\":\"ListItem\",\"position\":2,\"name\":\"KPI pour votre RSE\"}]},{\"@type\":\"WebSite\",\"@id\":\"https:\/\/manaconnect.net\/#website\",\"url\":\"https:\/\/manaconnect.net\/\",\"name\":\"MANACONNECT\",\"description\":\"Collecter et analyser la donn\u00e9e utile\",\"publisher\":{\"@id\":\"https:\/\/manaconnect.net\/#organization\"},\"potentialAction\":[{\"@type\":\"SearchAction\",\"target\":{\"@type\":\"EntryPoint\",\"urlTemplate\":\"https:\/\/manaconnect.net\/?s={search_term_string}\"},\"query-input\":{\"@type\":\"PropertyValueSpecification\",\"valueRequired\":true,\"valueName\":\"search_term_string\"}}],\"inLanguage\":\"en-US\"},{\"@type\":\"Organization\",\"@id\":\"https:\/\/manaconnect.net\/#organization\",\"name\":\"MANACONNECT\",\"url\":\"https:\/\/manaconnect.net\/\",\"logo\":{\"@type\":\"ImageObject\",\"inLanguage\":\"en-US\",\"@id\":\"https:\/\/manaconnect.net\/#\/schema\/logo\/image\/\",\"url\":\"https:\/\/manaconnect.net\/wp-content\/uploads\/2025\/05\/cropped-Gemini_Generated_Image_cab9b3cab9b3cab9.jpeg\",\"contentUrl\":\"https:\/\/manaconnect.net\/wp-content\/uploads\/2025\/05\/cropped-Gemini_Generated_Image_cab9b3cab9b3cab9.jpeg\",\"width\":1768,\"height\":1253,\"caption\":\"MANACONNECT\"},\"image\":{\"@id\":\"https:\/\/manaconnect.net\/#\/schema\/logo\/image\/\"}}]}<\/script>\n<!-- \/ Yoast SEO plugin. -->","yoast_head_json":{"title":"KPI pour votre RSE - MANACONNECT","robots":{"index":"index","follow":"follow","max-snippet":"max-snippet:-1","max-image-preview":"max-image-preview:large","max-video-preview":"max-video-preview:-1"},"canonical":"https:\/\/manaconnect.net\/index.php\/kpi-pour-votre-rse\/","og_locale":"en_US","og_type":"article","og_title":"KPI pour votre RSE - MANACONNECT","og_description":"Pr\u00eat \u00e0 transformer votre impact environnemental en atout strat\u00e9gique ? Un pilotage pr\u00e9cis pour votre d\u00e9marche RSE Vous souhaitez initier ou renforcer votre d\u00e9marche RSE (Responsabilit\u00e9 Soci\u00e9tale des Entreprises) ? La qualit\u00e9 de l&#8217;air int\u00e9rieur est un pilier essentiel de","og_url":"https:\/\/manaconnect.net\/index.php\/kpi-pour-votre-rse\/","og_site_name":"MANACONNECT","article_modified_time":"2025-05-23T06:28:28+00:00","og_image":[{"width":1080,"height":400,"url":"http:\/\/manaconnect.net\/wp-content\/uploads\/2025\/05\/Capture-decran-2025-05-11-a-18.40.13.png","type":"image\/png"}],"twitter_card":"summary_large_image","twitter_misc":{"Est. reading time":"2 minutes"},"schema":{"@context":"https:\/\/schema.org","@graph":[{"@type":"WebPage","@id":"https:\/\/manaconnect.net\/index.php\/kpi-pour-votre-rse\/","url":"https:\/\/manaconnect.net\/index.php\/kpi-pour-votre-rse\/","name":"KPI pour votre RSE - MANACONNECT","isPartOf":{"@id":"https:\/\/manaconnect.net\/#website"},"primaryImageOfPage":{"@id":"https:\/\/manaconnect.net\/index.php\/kpi-pour-votre-rse\/#primaryimage"},"image":{"@id":"https:\/\/manaconnect.net\/index.php\/kpi-pour-votre-rse\/#primaryimage"},"thumbnailUrl":"https:\/\/manaconnect.net\/wp-content\/uploads\/2025\/05\/Capture-decran-2025-05-11-a-18.40.13.png","datePublished":"2025-05-23T06:00:40+00:00","dateModified":"2025-05-23T06:28:28+00:00","breadcrumb":{"@id":"https:\/\/manaconnect.net\/index.php\/kpi-pour-votre-rse\/#breadcrumb"},"inLanguage":"en-US","potentialAction":[{"@type":"ReadAction","target":["https:\/\/manaconnect.net\/index.php\/kpi-pour-votre-rse\/"]}]},{"@type":"ImageObject","inLanguage":"en-US","@id":"https:\/\/manaconnect.net\/index.php\/kpi-pour-votre-rse\/#primaryimage","url":"https:\/\/manaconnect.net\/wp-content\/uploads\/2025\/05\/Capture-decran-2025-05-11-a-18.40.13.png","contentUrl":"https:\/\/manaconnect.net\/wp-content\/uploads\/2025\/05\/Capture-decran-2025-05-11-a-18.40.13.png","width":1080,"height":400,"caption":"RSE"},{"@type":"BreadcrumbList","@id":"https:\/\/manaconnect.net\/index.php\/kpi-pour-votre-rse\/#breadcrumb","itemListElement":[{"@type":"ListItem","position":1,"name":"Accueil","item":"https:\/\/manaconnect.net\/"},{"@type":"ListItem","position":2,"name":"KPI pour votre RSE"}]},{"@type":"WebSite","@id":"https:\/\/manaconnect.net\/#website","url":"https:\/\/manaconnect.net\/","name":"MANACONNECT","description":"Collecter et analyser la donn\u00e9e utile","publisher":{"@id":"https:\/\/manaconnect.net\/#organization"},"potentialAction":[{"@type":"SearchAction","target":{"@type":"EntryPoint","urlTemplate":"https:\/\/manaconnect.net\/?s={search_term_string}"},"query-input":{"@type":"PropertyValueSpecification","valueRequired":true,"valueName":"search_term_string"}}],"inLanguage":"en-US"},{"@type":"Organization","@id":"https:\/\/manaconnect.net\/#organization","name":"MANACONNECT","url":"https:\/\/manaconnect.net\/","logo":{"@type":"ImageObject","inLanguage":"en-US","@id":"https:\/\/manaconnect.net\/#\/schema\/logo\/image\/","url":"https:\/\/manaconnect.net\/wp-content\/uploads\/2025\/05\/cropped-Gemini_Generated_Image_cab9b3cab9b3cab9.jpeg","contentUrl":"https:\/\/manaconnect.net\/wp-content\/uploads\/2025\/05\/cropped-Gemini_Generated_Image_cab9b3cab9b3cab9.jpeg","width":1768,"height":1253,"caption":"MANACONNECT"},"image":{"@id":"https:\/\/manaconnect.net\/#\/schema\/logo\/image\/"}}]}},"_links":{"self":[{"href":"https:\/\/manaconnect.net\/index.php\/wp-json\/wp\/v2\/pages\/699","targetHints":{"allow":["GET"]}}],"collection":[{"href":"https:\/\/manaconnect.net\/index.php\/wp-json\/wp\/v2\/pages"}],"about":[{"href":"https:\/\/manaconnect.net\/index.php\/wp-json\/wp\/v2\/types\/page"}],"author":[{"embeddable":true,"href":"https:\/\/manaconnect.net\/index.php\/wp-json\/wp\/v2\/users\/1"}],"replies":[{"embeddable":true,"href":"https:\/\/manaconnect.net\/index.php\/wp-json\/wp\/v2\/comments?post=699"}],"version-history":[{"count":3,"href":"https:\/\/manaconnect.net\/index.php\/wp-json\/wp\/v2\/pages\/699\/revisions"}],"predecessor-version":[{"id":707,"href":"https:\/\/manaconnect.net\/index.php\/wp-json\/wp\/v2\/pages\/699\/revisions\/707"}],"wp:featuredmedia":[{"embeddable":true,"href":"https:\/\/manaconnect.net\/index.php\/wp-json\/wp\/v2\/media\/692"}],"wp:attachment":[{"href":"https:\/\/manaconnect.net\/index.php\/wp-json\/wp\/v2\/media?parent=699"}],"curies":[{"name":"wp","href":"https:\/\/api.w.org\/{rel}","templated":true}]}}