{"id":650,"date":"2025-05-10T07:45:01","date_gmt":"2025-05-10T05:45:01","guid":{"rendered":"https:\/\/manaconnect.net\/?page_id=650"},"modified":"2025-05-10T09:00:51","modified_gmt":"2025-05-10T07:00:51","slug":"mentions-legales","status":"publish","type":"page","link":"https:\/\/manaconnect.net\/index.php\/mentions-legales\/","title":{"rendered":"Mentions l\u00e9gales"},"content":{"rendered":"\n<p>MANACONNECT est une marque commercial de <a href=\"https:\/\/arialdiffusion.com\">Arial Diffusion Polyn\u00e9sie<\/a><\/p>\n\n\n\n<figure class=\"wp-block-table\"><table class=\"has-fixed-layout\"><tbody><tr><td><br><strong>Editeur<\/strong><br>Le site <a href=\"http:\/\/www.manaconnect.pf\">www.manaconnect.pf<\/a> est la propri\u00e9t\u00e9 exclusive de Arial Diffusion Polyn\u00e9sie<br><br><strong>H\u00e9bergement<\/strong><br>Le site www.manaconnect.pf est h\u00e9berg\u00e9 sur des mat\u00e9riels informatiques propri\u00e9t\u00e9 de la soci\u00e9t\u00e9 OVH, bas\u00e9s \u00e0 Roubaix en France.<br><br><strong>Donn\u00e9es personnelles<br><\/strong>Collecte et utilisation des donn\u00e9es<br>Conform\u00e9ment aux dispositions de l\u2019article 5 du R\u00e8glement europ\u00e9en 2016\/679 relatif \u00e0 la collecte et au traitement des donn\u00e9es des utilisateurs.<br>Les donn\u00e9es personnelles collect\u00e9es \u00e0 partir du site ou communiqu\u00e9es par l\u2019utilisateur par un consentement actif, notamment du fait des formulaires ou questionnaires pr\u00e9sents sur le site, sont destin\u00e9es \u00e0 la soci\u00e9t\u00e9 Arial Diffusion Polyn\u00e9sie.<br>Elles sont enregistr\u00e9es dans le fichier clients pour permettre aux utilisateurs d\u2019acc\u00e9der aux services propos\u00e9s sur le site, pour assurer le suivi de la relation prospects\/clients de Arial Diffusion Polyn\u00e9sie et proposer de nouvelles offres commerciales.<br>Elles peuvent \u00eatre \u00e9galement communiqu\u00e9es \u00e0 nos partenaires, mandataires, prestataires, sous-traitants qui sont amen\u00e9s \u00e0 intervenir dans ces traitements.<br>Elles ne seront utilis\u00e9es que pour les seules finalit\u00e9s de l\u2019objet de la collecte. Elles sont conserv\u00e9es le temps n\u00e9cessaire \u00e0 l\u2019accomplissement de ces finalit\u00e9s.<br>Arial Diffusion Polyn\u00e9sie met en \u0153uvre tous les moyens destin\u00e9s \u00e0 assurer la s\u00e9curit\u00e9 et la confidentialit\u00e9 des fichiers constitu\u00e9s \u00e0 partir des donn\u00e9es personnelles collect\u00e9es sur le site.<br>Cependant, Arial Diffusion Polyn\u00e9sie ne ma\u00eetrise pas le fonctionnement de l\u2019internet et attire l\u2019attention des utilisateurs sur l\u2019existence d\u2019\u00e9ventuels risques en termes de confidentialit\u00e9 des donn\u00e9es transitant via ce r\u00e9seau.<br><br><strong>Responsable du traitement<br><\/strong>Le responsable du traitement des donn\u00e9es est la soci\u00e9t\u00e9 Arial Diffusion Polyn\u00e9sie<br>Droits de l\u2019utilisateur et proc\u00e9dures de mise en \u0153uvre des droits de l\u2019utilisateur<br>Conform\u00e9ment \u00e0 la R\u00e9glementation concernant le traitement des donn\u00e9es \u00e0 caract\u00e8re personnel, l\u2019Utilisateur poss\u00e8de les droits ci-apr\u00e8s \u00e9num\u00e9r\u00e9s. Afin que le responsable du traitement fasse droit \u00e0 sa demande, l\u2019utilisateur est tenu de lui communiquer ; ses pr\u00e9nom, nom ainsi que son adresse e-mail, et si cela est pertinent, son num\u00e9ro de compte ou d\u2019espace personnel ou d\u2019abonn\u00e9.<br>&#8211; droit d\u2019acc\u00e8s, de rectification et droit \u00e0 l\u2019oubli<br>&#8211; droit \u00e0 la portabilit\u00e9 des donn\u00e9es<br>&#8211; droit \u00e0 la limitation et \u00e0 l\u2019opposition du traitement des donn\u00e9es<br>&#8211; droit de d\u00e9terminer le sort des donn\u00e9es apr\u00e8s la mort<br>&#8211; droit de saisir l\u2019autorit\u00e9 comp\u00e9tente.<br><br><br><strong>Cookies et Statistiques<br><\/strong>Arial Diffusion Polyn\u00e9sie utilise des cookies pour analyser l\u2019utilisation du site et am\u00e9liorer sa fr\u00e9quentation.<br>Arial Diffusion Polyn\u00e9sie peut donc suivre l\u2019utilisation du site par chaque utilisateur. Les cookies permettent \u00e9galement de mieux analyser les configurations de trafic du site. Arial Diffusion Polyn\u00e9sie ne suit pas le parcours des utilisateurs \u00e0 l\u2019ext\u00e9rieur du site. L\u2019utilisateur est inform\u00e9 de ce que les tiers qui int\u00e8grent des annonces ou des informations peuvent \u00e9galement utiliser leurs propres cookies.<br>L\u2019utilisateur autorise Arial Diffusion Polyn\u00e9sie \u00e0 utiliser son adresse IP pour diagnostiquer les incidents au niveau de son serveur, pour administrer son site ou pour rassembler des informations d\u00e9mographiques g\u00e9n\u00e9rales.<br>Arial Diffusion Polyn\u00e9sie utilise \u00e9galement des cookies destin\u00e9s \u00e0 faciliter la navigation sur le site et la fourniture du service en ligne, tels que les cookies de type \u00ab session utilisateur \u00bb et \u00ab panier d\u2019achat \u00bb.<br>L\u2019utilisateur reconna\u00eet avoir \u00e9t\u00e9 inform\u00e9 de ces cookies et autorise Arial Diffusion Polyn\u00e9sie \u00e0 les utiliser. Toutefois, il pourra, s\u2019il le souhaite, s\u2019opposer \u00e0 l\u2019enregistrement de ces cookies en configurant le navigateur install\u00e9 sur son syst\u00e8me, pour \u00eatre averti de l\u2019arriv\u00e9e d\u2019un cookie et pour pouvoir le refuser.<br>N\u00e9anmoins, le refus des cookies peut emp\u00eacher l\u2019acc\u00e8s et l\u2019utilisation du site et des services.<br>Inscription de l\u2019utilisateur<br><br><br><strong>Responsable du traitement<br><\/strong>Vos donn\u00e9es sont d\u00e9pos\u00e9es aupr\u00e8s de Arial Diffusion Polyn\u00e9sie, mais elles sont h\u00e9berg\u00e9es et stock\u00e9es sur des serveurs situ\u00e9s dans les locaux de la soci\u00e9t\u00e9 OVH, dont le si\u00e8ge est situ\u00e9 \u00e0 Roubaix en France.<br><br>La soci\u00e9t\u00e9 Arial Diffusion Polyn\u00e9sie est le responsable du traitement en ce qui concerne vos donn\u00e9es personnelles fournies.<br><br><br><em>Avec le concours de la Polyn\u00e9sie fran\u00e7aise<\/em><\/td><\/tr><\/tbody><\/table><\/figure>\n","protected":false},"excerpt":{"rendered":"<p>MANACONNECT est une marque commercial de Arial Diffusion Polyn\u00e9sie EditeurLe site www.manaconnect.pf est la propri\u00e9t\u00e9 exclusive de Arial Diffusion Polyn\u00e9sie H\u00e9bergementLe site www.manaconnect.pf est h\u00e9berg\u00e9 sur des mat\u00e9riels informatiques propri\u00e9t\u00e9 de la soci\u00e9t\u00e9 OVH, bas\u00e9s \u00e0 Roubaix en France. Donn\u00e9es<\/p>\n","protected":false},"author":1,"featured_media":0,"parent":0,"menu_order":0,"comment_status":"closed","ping_status":"closed","template":"","meta":{"_kadence_starter_templates_imported_post":false,"footnotes":""},"class_list":["post-650","page","type-page","status-publish","hentry"],"yoast_head":"<!-- This site is optimized with the Yoast SEO plugin v25.9 - https:\/\/yoast.com\/wordpress\/plugins\/seo\/ -->\n<title>Mentions l\u00e9gales - MANACONNECT<\/title>\n<meta name=\"description\" content=\"Consultez les mentions l\u00e9gales de notre site web pour obtenir des informations compl\u00e8tes sur notre entreprise, nos conditions d&#039;utilisation et notre politique de confidentialit\u00e9.\" \/>\n<meta name=\"robots\" content=\"index, follow, max-snippet:-1, max-image-preview:large, max-video-preview:-1\" \/>\n<link rel=\"canonical\" href=\"https:\/\/manaconnect.net\/index.php\/mentions-legales\/\" \/>\n<meta property=\"og:locale\" content=\"en_US\" \/>\n<meta property=\"og:type\" content=\"article\" \/>\n<meta property=\"og:title\" content=\"Mentions l\u00e9gales - MANACONNECT\" \/>\n<meta property=\"og:description\" content=\"Consultez les mentions l\u00e9gales de notre site web pour obtenir des informations compl\u00e8tes sur notre entreprise, nos conditions d&#039;utilisation et notre politique de confidentialit\u00e9.\" \/>\n<meta property=\"og:url\" content=\"https:\/\/manaconnect.net\/index.php\/mentions-legales\/\" \/>\n<meta property=\"og:site_name\" content=\"MANACONNECT\" \/>\n<meta property=\"article:modified_time\" content=\"2025-05-10T07:00:51+00:00\" \/>\n<meta name=\"twitter:card\" content=\"summary_large_image\" \/>\n<meta name=\"twitter:label1\" content=\"Est. reading time\" \/>\n\t<meta name=\"twitter:data1\" content=\"4 minutes\" \/>\n<script type=\"application\/ld+json\" class=\"yoast-schema-graph\">{\"@context\":\"https:\/\/schema.org\",\"@graph\":[{\"@type\":[\"WebPage\",\"AboutPage\"],\"@id\":\"https:\/\/manaconnect.net\/index.php\/mentions-legales\/\",\"url\":\"https:\/\/manaconnect.net\/index.php\/mentions-legales\/\",\"name\":\"Mentions l\u00e9gales - MANACONNECT\",\"isPartOf\":{\"@id\":\"https:\/\/manaconnect.net\/#website\"},\"datePublished\":\"2025-05-10T05:45:01+00:00\",\"dateModified\":\"2025-05-10T07:00:51+00:00\",\"description\":\"Consultez les mentions l\u00e9gales de notre site web pour obtenir des informations compl\u00e8tes sur notre entreprise, nos conditions d'utilisation et notre politique de confidentialit\u00e9.\",\"breadcrumb\":{\"@id\":\"https:\/\/manaconnect.net\/index.php\/mentions-legales\/#breadcrumb\"},\"inLanguage\":\"en-US\",\"potentialAction\":[{\"@type\":\"ReadAction\",\"target\":[\"https:\/\/manaconnect.net\/index.php\/mentions-legales\/\"]}]},{\"@type\":\"BreadcrumbList\",\"@id\":\"https:\/\/manaconnect.net\/index.php\/mentions-legales\/#breadcrumb\",\"itemListElement\":[{\"@type\":\"ListItem\",\"position\":1,\"name\":\"Accueil\",\"item\":\"https:\/\/manaconnect.net\/\"},{\"@type\":\"ListItem\",\"position\":2,\"name\":\"Mentions l\u00e9gales\"}]},{\"@type\":\"WebSite\",\"@id\":\"https:\/\/manaconnect.net\/#website\",\"url\":\"https:\/\/manaconnect.net\/\",\"name\":\"MANACONNECT\",\"description\":\"Collecter et analyser la donn\u00e9e utile\",\"publisher\":{\"@id\":\"https:\/\/manaconnect.net\/#organization\"},\"potentialAction\":[{\"@type\":\"SearchAction\",\"target\":{\"@type\":\"EntryPoint\",\"urlTemplate\":\"https:\/\/manaconnect.net\/?s={search_term_string}\"},\"query-input\":{\"@type\":\"PropertyValueSpecification\",\"valueRequired\":true,\"valueName\":\"search_term_string\"}}],\"inLanguage\":\"en-US\"},{\"@type\":\"Organization\",\"@id\":\"https:\/\/manaconnect.net\/#organization\",\"name\":\"MANACONNECT\",\"url\":\"https:\/\/manaconnect.net\/\",\"logo\":{\"@type\":\"ImageObject\",\"inLanguage\":\"en-US\",\"@id\":\"https:\/\/manaconnect.net\/#\/schema\/logo\/image\/\",\"url\":\"https:\/\/manaconnect.net\/wp-content\/uploads\/2025\/05\/cropped-Gemini_Generated_Image_cab9b3cab9b3cab9.jpeg\",\"contentUrl\":\"https:\/\/manaconnect.net\/wp-content\/uploads\/2025\/05\/cropped-Gemini_Generated_Image_cab9b3cab9b3cab9.jpeg\",\"width\":1768,\"height\":1253,\"caption\":\"MANACONNECT\"},\"image\":{\"@id\":\"https:\/\/manaconnect.net\/#\/schema\/logo\/image\/\"}}]}<\/script>\n<!-- \/ Yoast SEO plugin. -->","yoast_head_json":{"title":"Mentions l\u00e9gales - MANACONNECT","description":"Consultez les mentions l\u00e9gales de notre site web pour obtenir des informations compl\u00e8tes sur notre entreprise, nos conditions d'utilisation et notre politique de confidentialit\u00e9.","robots":{"index":"index","follow":"follow","max-snippet":"max-snippet:-1","max-image-preview":"max-image-preview:large","max-video-preview":"max-video-preview:-1"},"canonical":"https:\/\/manaconnect.net\/index.php\/mentions-legales\/","og_locale":"en_US","og_type":"article","og_title":"Mentions l\u00e9gales - MANACONNECT","og_description":"Consultez les mentions l\u00e9gales de notre site web pour obtenir des informations compl\u00e8tes sur notre entreprise, nos conditions d'utilisation et notre politique de confidentialit\u00e9.","og_url":"https:\/\/manaconnect.net\/index.php\/mentions-legales\/","og_site_name":"MANACONNECT","article_modified_time":"2025-05-10T07:00:51+00:00","twitter_card":"summary_large_image","twitter_misc":{"Est. reading time":"4 minutes"},"schema":{"@context":"https:\/\/schema.org","@graph":[{"@type":["WebPage","AboutPage"],"@id":"https:\/\/manaconnect.net\/index.php\/mentions-legales\/","url":"https:\/\/manaconnect.net\/index.php\/mentions-legales\/","name":"Mentions l\u00e9gales - MANACONNECT","isPartOf":{"@id":"https:\/\/manaconnect.net\/#website"},"datePublished":"2025-05-10T05:45:01+00:00","dateModified":"2025-05-10T07:00:51+00:00","description":"Consultez les mentions l\u00e9gales de notre site web pour obtenir des informations compl\u00e8tes sur notre entreprise, nos conditions d'utilisation et notre politique de confidentialit\u00e9.","breadcrumb":{"@id":"https:\/\/manaconnect.net\/index.php\/mentions-legales\/#breadcrumb"},"inLanguage":"en-US","potentialAction":[{"@type":"ReadAction","target":["https:\/\/manaconnect.net\/index.php\/mentions-legales\/"]}]},{"@type":"BreadcrumbList","@id":"https:\/\/manaconnect.net\/index.php\/mentions-legales\/#breadcrumb","itemListElement":[{"@type":"ListItem","position":1,"name":"Accueil","item":"https:\/\/manaconnect.net\/"},{"@type":"ListItem","position":2,"name":"Mentions l\u00e9gales"}]},{"@type":"WebSite","@id":"https:\/\/manaconnect.net\/#website","url":"https:\/\/manaconnect.net\/","name":"MANACONNECT","description":"Collecter et analyser la donn\u00e9e utile","publisher":{"@id":"https:\/\/manaconnect.net\/#organization"},"potentialAction":[{"@type":"SearchAction","target":{"@type":"EntryPoint","urlTemplate":"https:\/\/manaconnect.net\/?s={search_term_string}"},"query-input":{"@type":"PropertyValueSpecification","valueRequired":true,"valueName":"search_term_string"}}],"inLanguage":"en-US"},{"@type":"Organization","@id":"https:\/\/manaconnect.net\/#organization","name":"MANACONNECT","url":"https:\/\/manaconnect.net\/","logo":{"@type":"ImageObject","inLanguage":"en-US","@id":"https:\/\/manaconnect.net\/#\/schema\/logo\/image\/","url":"https:\/\/manaconnect.net\/wp-content\/uploads\/2025\/05\/cropped-Gemini_Generated_Image_cab9b3cab9b3cab9.jpeg","contentUrl":"https:\/\/manaconnect.net\/wp-content\/uploads\/2025\/05\/cropped-Gemini_Generated_Image_cab9b3cab9b3cab9.jpeg","width":1768,"height":1253,"caption":"MANACONNECT"},"image":{"@id":"https:\/\/manaconnect.net\/#\/schema\/logo\/image\/"}}]}},"_links":{"self":[{"href":"https:\/\/manaconnect.net\/index.php\/wp-json\/wp\/v2\/pages\/650","targetHints":{"allow":["GET"]}}],"collection":[{"href":"https:\/\/manaconnect.net\/index.php\/wp-json\/wp\/v2\/pages"}],"about":[{"href":"https:\/\/manaconnect.net\/index.php\/wp-json\/wp\/v2\/types\/page"}],"author":[{"embeddable":true,"href":"https:\/\/manaconnect.net\/index.php\/wp-json\/wp\/v2\/users\/1"}],"replies":[{"embeddable":true,"href":"https:\/\/manaconnect.net\/index.php\/wp-json\/wp\/v2\/comments?post=650"}],"version-history":[{"count":5,"href":"https:\/\/manaconnect.net\/index.php\/wp-json\/wp\/v2\/pages\/650\/revisions"}],"predecessor-version":[{"id":664,"href":"https:\/\/manaconnect.net\/index.php\/wp-json\/wp\/v2\/pages\/650\/revisions\/664"}],"wp:attachment":[{"href":"https:\/\/manaconnect.net\/index.php\/wp-json\/wp\/v2\/media?parent=650"}],"curies":[{"name":"wp","href":"https:\/\/api.w.org\/{rel}","templated":true}]}}